{"id":64,"date":"2026-02-11T20:06:42","date_gmt":"2026-02-11T20:06:42","guid":{"rendered":"https:\/\/carbonlessbuildings.pl\/?page_id=64"},"modified":"2026-02-12T19:14:57","modified_gmt":"2026-02-12T19:14:57","slug":"newsletter-2","status":"publish","type":"page","link":"https:\/\/carbonlessbuildings.pl\/?page_id=64","title":{"rendered":"Newsletter"},"content":{"rendered":"<div class=\"tnp tnp-subscription \">\n<form method=\"post\" action=\"https:\/\/carbonlessbuildings.pl\/wp-admin\/admin-ajax.php?action=tnp&amp;na=s\">\n<input type=\"hidden\" name=\"nlang\" value=\"\">\n<div class=\"tnp-field tnp-field-firstname\"><label for=\"tnp-1\">Imi\u0119<\/label>\n<input class=\"tnp-name\" type=\"text\" name=\"nn\" id=\"tnp-1\" value=\"\" placeholder=\"\"><\/div>\n<div class=\"tnp-field tnp-field-email\"><label for=\"tnp-2\">E-mail<\/label>\n<input class=\"tnp-email\" type=\"email\" name=\"ne\" id=\"tnp-2\" value=\"\" placeholder=\"\" required><\/div>\n<div class=\"tnp-field tnp-privacy-field\"><label><input type=\"checkbox\" name=\"ny\" required class=\"tnp-privacy\"> Akceptuj\u0119 polityk\u0119 prywatno\u015bci<\/label><\/div><div class=\"tnp-field tnp-field-button\" style=\"text-align: left\"><input class=\"tnp-submit\" type=\"submit\" value=\"Subskrybuj\" style=\"\">\n<\/div>\n<\/form>\n<\/div>\n\n<p>Zapisz si\u0119 do newslettera Carbonless Buildings<\/p>\n<p>Buduj m\u0105drze. My\u015bl przysz\u0142o\u015bciowo.<br \/>\nWybieraj \u015bwiadomie. Dzia\u0142aj odpowiedzialnie.<br \/>\nOtrzymuj porady, case studies i raporty \u2013 prosto do skrzynki.<br \/>\n<img decoding=\"async\" class=\"emoji\" role=\"img\" draggable=\"false\" src=\"https:\/\/s.w.org\/images\/core\/emoji\/17.0.2\/svg\/1f331.svg\" alt=\"\ud83c\udf31\" \/>\u00a0<strong>Do\u0142\u0105cz teraz i tw\u00f3rz budownictwo jutra!<\/strong><\/p>\n<hr class=\"wp-block-separator has-alpha-channel-opacity\" \/>\n<p><img decoding=\"async\" class=\"emoji\" role=\"img\" draggable=\"false\" src=\"https:\/\/s.w.org\/images\/core\/emoji\/17.0.2\/svg\/1f4a1.svg\" alt=\"\ud83d\udca1\" \/>\u00a0<strong>Nie czekaj na przysz\u0142o\u015b\u0107 \u2013 zacznij j\u0105 tworzy\u0107 ju\u017c dzi\u015b!<\/strong><br \/>\nZajrzyj na\u00a0<a href=\"https:\/\/carbonlessbuildings.pl\/?customize_changeset_uuid=e37a22c3-faf4-4cc5-98fb-dccc3631f6c3&amp;customize_messenger_channel=preview-2\">carbonlessbuildings.pl<\/a>\u00a0i poznaj praktyczne wskaz\u00f3wki, case studies i raporty, kt\u00f3re pozwol\u0105 Ci budowa\u0107 m\u0105drze i odpowiedzialnie.<\/p>\n<hr class=\"wp-block-separator has-alpha-channel-opacity\" \/>\n<p><strong>Do\u0142\u0105cz do naszej spo\u0142eczno\u015bci!<\/strong><br \/>\n\u015aled\u017a nas na Facebooku i bierz udzia\u0142 w dyskusjach o budownictwie niskoemisyjnym i zr\u00f3wnowa\u017conym.<\/p>\n<p><img decoding=\"async\" class=\"emoji\" role=\"img\" draggable=\"false\" src=\"https:\/\/s.w.org\/images\/core\/emoji\/17.0.2\/svg\/1f331.svg\" alt=\"\ud83c\udf31\" \/>\u00a0<strong>Carbonless Buildings \u2013 Tw\u00f3j przewodnik po budownictwie przysz\u0142o\u015bci<\/strong><\/p>\n<p>Czekamy r\u00f3wnie\u017c na Wasze propozycje bo spo\u0142eczno\u015b\u0107 to MY.<\/p>\n","protected":false},"excerpt":{"rendered":"<p>Zapisz si\u0119 do newslettera Carbonless Buildings Buduj m\u0105drze. My\u015bl przysz\u0142o\u015bciowo. Wybieraj \u015bwiadomie. Dzia\u0142aj odpowiedzialnie. Otrzymuj porady, case studies i raporty \u2013 prosto do skrzynki. \u00a0Do\u0142\u0105cz teraz i tw\u00f3rz budownictwo jutra! \u00a0Nie czekaj na przysz\u0142o\u015b\u0107 \u2013 zacznij j\u0105 tworzy\u0107 ju\u017c dzi\u015b! Zajrzyj na\u00a0carbonlessbuildings.pl\u00a0i poznaj praktyczne wskaz\u00f3wki, case studies i raporty, kt\u00f3re pozwol\u0105 Ci budowa\u0107 m\u0105drze i [&hellip;]<\/p>\n","protected":false},"author":1,"featured_media":72,"parent":0,"menu_order":0,"comment_status":"closed","ping_status":"closed","template":"","meta":{"footnotes":""},"class_list":["post-64","page","type-page","status-publish","has-post-thumbnail","hentry"],"_links":{"self":[{"href":"https:\/\/carbonlessbuildings.pl\/index.php?rest_route=\/wp\/v2\/pages\/64","targetHints":{"allow":["GET"]}}],"collection":[{"href":"https:\/\/carbonlessbuildings.pl\/index.php?rest_route=\/wp\/v2\/pages"}],"about":[{"href":"https:\/\/carbonlessbuildings.pl\/index.php?rest_route=\/wp\/v2\/types\/page"}],"author":[{"embeddable":true,"href":"https:\/\/carbonlessbuildings.pl\/index.php?rest_route=\/wp\/v2\/users\/1"}],"replies":[{"embeddable":true,"href":"https:\/\/carbonlessbuildings.pl\/index.php?rest_route=%2Fwp%2Fv2%2Fcomments&post=64"}],"version-history":[{"count":1,"href":"https:\/\/carbonlessbuildings.pl\/index.php?rest_route=\/wp\/v2\/pages\/64\/revisions"}],"predecessor-version":[{"id":71,"href":"https:\/\/carbonlessbuildings.pl\/index.php?rest_route=\/wp\/v2\/pages\/64\/revisions\/71"}],"wp:featuredmedia":[{"embeddable":true,"href":"https:\/\/carbonlessbuildings.pl\/index.php?rest_route=\/wp\/v2\/media\/72"}],"wp:attachment":[{"href":"https:\/\/carbonlessbuildings.pl\/index.php?rest_route=%2Fwp%2Fv2%2Fmedia&parent=64"}],"curies":[{"name":"wp","href":"https:\/\/api.w.org\/{rel}","templated":true}]}}